{"id":7171,"date":"2021-11-26T10:06:20","date_gmt":"2021-11-26T09:06:20","guid":{"rendered":"https:\/\/tzwl.de\/imprint\/"},"modified":"2025-03-04T19:10:19","modified_gmt":"2025-03-04T18:10:19","slug":"imprint","status":"publish","type":"page","link":"https:\/\/tzwl.de\/en\/imprint\/","title":{"rendered":"Imprint"},"content":{"rendered":"\t\t<div data-elementor-type=\"wp-page\" data-elementor-id=\"7171\" class=\"elementor elementor-7171 elementor-4414\" data-elementor-post-type=\"page\">\n\t\t\t\t\t\t<section class=\"elementor-section elementor-top-section elementor-element elementor-element-60ccef7b elementor-section-full_width elementor-section-height-min-height elementor-section-items-bottom elementor-section-height-default\" data-id=\"60ccef7b\" data-element_type=\"section\" data-settings=\"{&quot;background_background&quot;:&quot;classic&quot;}\">\n\t\t\t\t\t\t<div class=\"elementor-container elementor-column-gap-default\">\n\t\t\t\t\t<div class=\"elementor-column elementor-col-100 elementor-top-column elementor-element elementor-element-51995b9\" data-id=\"51995b9\" data-element_type=\"column\" data-settings=\"{&quot;background_background&quot;:&quot;classic&quot;}\">\n\t\t\t<div class=\"elementor-widget-wrap elementor-element-populated\">\n\t\t\t\t\t\t<div class=\"elementor-element elementor-element-0b21f23 elementor-widget elementor-widget-heading\" data-id=\"0b21f23\" data-element_type=\"widget\" data-widget_type=\"heading.default\">\n\t\t\t\t<div class=\"elementor-widget-container\">\n\t\t\t\t\t<h1 class=\"elementor-heading-title elementor-size-default\">Imprint<\/h1>\t\t\t\t<\/div>\n\t\t\t\t<\/div>\n\t\t\t\t\t<\/div>\n\t\t<\/div>\n\t\t\t\t\t<\/div>\n\t\t<\/section>\n\t\t\t\t<section class=\"elementor-section elementor-top-section elementor-element elementor-element-9e4373e elementor-section-content-middle elementor-section-boxed elementor-section-height-default elementor-section-height-default\" data-id=\"9e4373e\" data-element_type=\"section\" data-settings=\"{&quot;background_background&quot;:&quot;classic&quot;}\">\n\t\t\t\t\t\t<div class=\"elementor-container elementor-column-gap-wider\">\n\t\t\t\t\t<div class=\"elementor-column elementor-col-100 elementor-top-column elementor-element elementor-element-835099b\" data-id=\"835099b\" data-element_type=\"column\">\n\t\t\t<div class=\"elementor-widget-wrap elementor-element-populated\">\n\t\t\t\t\t\t<div class=\"elementor-element elementor-element-e277a99 elementor-widget elementor-widget-text-editor\" data-id=\"e277a99\" data-element_type=\"widget\" data-widget_type=\"text-editor.default\">\n\t\t\t\t<div class=\"elementor-widget-container\">\n\t\t\t\t\t\t\t\t\t<p>The website tzwl.de is an offer of the association European Test Center for Residential Ventilation Units (TZWL) e. V.<\/p>\t\t\t\t\t\t\t\t<\/div>\n\t\t\t\t<\/div>\n\t\t\t\t\t<\/div>\n\t\t<\/div>\n\t\t\t\t\t<\/div>\n\t\t<\/section>\n\t\t\t\t<section class=\"elementor-section elementor-top-section elementor-element elementor-element-d0005ca elementor-section-content-middle elementor-section-boxed elementor-section-height-default elementor-section-height-default\" data-id=\"d0005ca\" data-element_type=\"section\" data-settings=\"{&quot;background_background&quot;:&quot;classic&quot;}\">\n\t\t\t\t\t\t<div class=\"elementor-container elementor-column-gap-wider\">\n\t\t\t\t\t<div class=\"elementor-column elementor-col-50 elementor-top-column elementor-element elementor-element-082180b\" data-id=\"082180b\" data-element_type=\"column\">\n\t\t\t<div class=\"elementor-widget-wrap elementor-element-populated\">\n\t\t\t\t\t\t<div class=\"elementor-element elementor-element-a258b9b elementor-widget elementor-widget-wp-widget-nav_menu\" data-id=\"a258b9b\" data-element_type=\"widget\" data-settings=\"{&quot;sticky&quot;:&quot;top&quot;,&quot;sticky_offset&quot;:110,&quot;sticky_parent&quot;:&quot;yes&quot;,&quot;sticky_on&quot;:[&quot;desktop&quot;,&quot;tablet&quot;,&quot;mobile&quot;],&quot;sticky_effects_offset&quot;:0,&quot;sticky_anchor_link_offset&quot;:0}\" data-widget_type=\"wp-widget-nav_menu.default\">\n\t\t\t\t<div class=\"elementor-widget-container\">\n\t\t\t\t\t<div class=\"menu-submenu-english-container\"><ul id=\"menu-submenu-english\" class=\"menu\"><li id=\"menu-item-7311\" class=\"menu-item menu-item-type-post_type menu-item-object-page menu-item-7311\"><a href=\"https:\/\/tzwl.de\/en\/imprint\/\">Imprint<\/a><\/li>\n<li id=\"menu-item-7310\" class=\"menu-item menu-item-type-post_type menu-item-object-page menu-item-7310\"><a href=\"https:\/\/tzwl.de\/en\/gtc\/\">T&#038;Cs<\/a><\/li>\n<li id=\"menu-item-7309\" class=\"menu-item menu-item-type-post_type menu-item-object-page menu-item-7309\"><a href=\"https:\/\/tzwl.de\/en\/data-protection\/\">Data Protection<\/a><\/li>\n<\/ul><\/div>\t\t\t\t<\/div>\n\t\t\t\t<\/div>\n\t\t\t\t\t<\/div>\n\t\t<\/div>\n\t\t\t\t<div class=\"elementor-column elementor-col-50 elementor-top-column elementor-element elementor-element-55b00ec\" data-id=\"55b00ec\" data-element_type=\"column\">\n\t\t\t<div class=\"elementor-widget-wrap elementor-element-populated\">\n\t\t\t\t\t\t<div class=\"elementor-element elementor-element-315dc54 elementor-widget elementor-widget-menu-anchor\" data-id=\"315dc54\" data-element_type=\"widget\" data-widget_type=\"menu-anchor.default\">\n\t\t\t\t<div class=\"elementor-widget-container\">\n\t\t\t\t\t\t\t<div class=\"elementor-menu-anchor\" id=\"websiteoperator\"><\/div>\n\t\t\t\t\t\t<\/div>\n\t\t\t\t<\/div>\n\t\t\t\t<div class=\"elementor-element elementor-element-3101322 elementor-widget elementor-widget-heading\" data-id=\"3101322\" data-element_type=\"widget\" data-widget_type=\"heading.default\">\n\t\t\t\t<div class=\"elementor-widget-container\">\n\t\t\t\t\t<h2 class=\"elementor-heading-title elementor-size-default\">Website and operator<\/h2>\t\t\t\t<\/div>\n\t\t\t\t<\/div>\n\t\t\t\t<div class=\"elementor-element elementor-element-64a8b7a elementor-widget elementor-widget-spacer\" data-id=\"64a8b7a\" data-element_type=\"widget\" data-widget_type=\"spacer.default\">\n\t\t\t\t<div class=\"elementor-widget-container\">\n\t\t\t\t\t\t\t<div class=\"elementor-spacer\">\n\t\t\t<div class=\"elementor-spacer-inner\"><\/div>\n\t\t<\/div>\n\t\t\t\t\t\t<\/div>\n\t\t\t\t<\/div>\n\t\t\t\t<div class=\"elementor-element elementor-element-5715d41 elementor-widget elementor-widget-text-editor\" data-id=\"5715d41\" data-element_type=\"widget\" data-widget_type=\"text-editor.default\">\n\t\t\t\t<div class=\"elementor-widget-container\">\n\t\t\t\t\t\t\t\t\t<p><strong>Website<\/strong><br>https:\/\/tzwl.de<\/p><p><strong>Operator<\/strong><br>European Test Center for Residential Ventilation Units (TZWL) e. V.<\/p><p><strong>Address<\/strong><br>Adolph-Kolping-Str. 21<br>58239 Schwerte<br>Germany <\/p><p><strong>Phone<\/strong><br>+49 (0)2304 91115 71<\/p><p><strong>E-mail address<\/strong><br>info@tzwl.de<\/p>\t\t\t\t\t\t\t\t<\/div>\n\t\t\t\t<\/div>\n\t\t\t\t<div class=\"elementor-element elementor-element-321a3f5 elementor-widget elementor-widget-spacer\" data-id=\"321a3f5\" data-element_type=\"widget\" data-widget_type=\"spacer.default\">\n\t\t\t\t<div class=\"elementor-widget-container\">\n\t\t\t\t\t\t\t<div class=\"elementor-spacer\">\n\t\t\t<div class=\"elementor-spacer-inner\"><\/div>\n\t\t<\/div>\n\t\t\t\t\t\t<\/div>\n\t\t\t\t<\/div>\n\t\t\t\t<div class=\"elementor-element elementor-element-43f4da8 elementor-widget elementor-widget-menu-anchor\" data-id=\"43f4da8\" data-element_type=\"widget\" data-widget_type=\"menu-anchor.default\">\n\t\t\t\t<div class=\"elementor-widget-container\">\n\t\t\t\t\t\t\t<div class=\"elementor-menu-anchor\" id=\"association\"><\/div>\n\t\t\t\t\t\t<\/div>\n\t\t\t\t<\/div>\n\t\t\t\t<div class=\"elementor-element elementor-element-141ec6f elementor-widget elementor-widget-heading\" data-id=\"141ec6f\" data-element_type=\"widget\" data-widget_type=\"heading.default\">\n\t\t\t\t<div class=\"elementor-widget-container\">\n\t\t\t\t\t<h2 class=\"elementor-heading-title elementor-size-default\">About the association<\/h2>\t\t\t\t<\/div>\n\t\t\t\t<\/div>\n\t\t\t\t<div class=\"elementor-element elementor-element-d1c5325 elementor-widget elementor-widget-spacer\" data-id=\"d1c5325\" data-element_type=\"widget\" data-widget_type=\"spacer.default\">\n\t\t\t\t<div class=\"elementor-widget-container\">\n\t\t\t\t\t\t\t<div class=\"elementor-spacer\">\n\t\t\t<div class=\"elementor-spacer-inner\"><\/div>\n\t\t<\/div>\n\t\t\t\t\t\t<\/div>\n\t\t\t\t<\/div>\n\t\t\t\t<div class=\"elementor-element elementor-element-08437bf elementor-widget elementor-widget-text-editor\" data-id=\"08437bf\" data-element_type=\"widget\" data-widget_type=\"text-editor.default\">\n\t\t\t\t<div class=\"elementor-widget-container\">\n\t\t\t\t\t\t\t\t\t<p><strong>Executive Board<\/strong><br>Dr.- Ing. Meinolf Gringel (Chairman)<\/p><p>Prof. Dr. Udo Gieseler<br>Dipl.-Ing. (FH) Taner \u00d6zbiyik<br>Dipl.-Betriebsw. (FH) J\u00f6rg K\u00f6ntopp<\/p><p><strong>Registered office of the association<\/strong><br>Dortmund<\/p><p><strong>Register court<\/strong><br>Local court Dortmund<\/p><p><strong>Register number<\/strong><br>VR 5236<\/p><p><strong>Tax number<\/strong><br>317\/5940\/3514<\/p><p><strong>Sales tax ID<\/strong><br>DE 209429304<\/p>\t\t\t\t\t\t\t\t<\/div>\n\t\t\t\t<\/div>\n\t\t\t\t<div class=\"elementor-element elementor-element-f4db917 elementor-widget elementor-widget-spacer\" data-id=\"f4db917\" data-element_type=\"widget\" data-widget_type=\"spacer.default\">\n\t\t\t\t<div class=\"elementor-widget-container\">\n\t\t\t\t\t\t\t<div class=\"elementor-spacer\">\n\t\t\t<div class=\"elementor-spacer-inner\"><\/div>\n\t\t<\/div>\n\t\t\t\t\t\t<\/div>\n\t\t\t\t<\/div>\n\t\t\t\t<div class=\"elementor-element elementor-element-9a8b375 elementor-widget elementor-widget-menu-anchor\" data-id=\"9a8b375\" data-element_type=\"widget\" data-widget_type=\"menu-anchor.default\">\n\t\t\t\t<div class=\"elementor-widget-container\">\n\t\t\t\t\t\t\t<div class=\"elementor-menu-anchor\" id=\"copyright\"><\/div>\n\t\t\t\t\t\t<\/div>\n\t\t\t\t<\/div>\n\t\t\t\t<div class=\"elementor-element elementor-element-f8352d0 elementor-widget elementor-widget-heading\" data-id=\"f8352d0\" data-element_type=\"widget\" data-widget_type=\"heading.default\">\n\t\t\t\t<div class=\"elementor-widget-container\">\n\t\t\t\t\t<h2 class=\"elementor-heading-title elementor-size-default\">Copyright and disclaimer<\/h2>\t\t\t\t<\/div>\n\t\t\t\t<\/div>\n\t\t\t\t<div class=\"elementor-element elementor-element-8fb1166 elementor-widget elementor-widget-spacer\" data-id=\"8fb1166\" data-element_type=\"widget\" data-widget_type=\"spacer.default\">\n\t\t\t\t<div class=\"elementor-widget-container\">\n\t\t\t\t\t\t\t<div class=\"elementor-spacer\">\n\t\t\t<div class=\"elementor-spacer-inner\"><\/div>\n\t\t<\/div>\n\t\t\t\t\t\t<\/div>\n\t\t\t\t<\/div>\n\t\t\t\t<div class=\"elementor-element elementor-element-7c0dbc7 elementor-widget elementor-widget-text-editor\" data-id=\"7c0dbc7\" data-element_type=\"widget\" data-widget_type=\"text-editor.default\">\n\t\t\t\t<div class=\"elementor-widget-container\">\n\t\t\t\t\t\t\t\t\t<p><strong>Copyright<\/strong><br>2024 European Test Center for Residential Ventilation Units (TZWL) e. V.<\/p><p><strong>Disclaimer<\/strong><br>Any publication under the user&#8217;s own name or the passing on of the information displayed, in particular the test data, is only permitted with the express written consent of TZWL e. V.. This applies in particular to storage and processing in electronic systems. Excerpts are only permitted with the prior written consent of TZWL e. V. and with citation of the source. The authors and publishers have prepared this publication to the best of their knowledge and belief and with the greatest possible care. Nevertheless, content and technical errors cannot be completely ruled out. All information is provided to the best of our knowledge and belief, but without guarantee.     <\/p>\t\t\t\t\t\t\t\t<\/div>\n\t\t\t\t<\/div>\n\t\t\t\t<div class=\"elementor-element elementor-element-0d77e64 elementor-widget elementor-widget-spacer\" data-id=\"0d77e64\" data-element_type=\"widget\" data-widget_type=\"spacer.default\">\n\t\t\t\t<div class=\"elementor-widget-container\">\n\t\t\t\t\t\t\t<div class=\"elementor-spacer\">\n\t\t\t<div class=\"elementor-spacer-inner\"><\/div>\n\t\t<\/div>\n\t\t\t\t\t\t<\/div>\n\t\t\t\t<\/div>\n\t\t\t\t<div class=\"elementor-element elementor-element-25dc2b0 elementor-widget elementor-widget-heading\" data-id=\"25dc2b0\" data-element_type=\"widget\" data-widget_type=\"heading.default\">\n\t\t\t\t<div class=\"elementor-widget-container\">\n\t\t\t\t\t<h2 class=\"elementor-heading-title elementor-size-default\">Picture credits<\/h2>\t\t\t\t<\/div>\n\t\t\t\t<\/div>\n\t\t\t\t<div class=\"elementor-element elementor-element-ed7e37c elementor-widget elementor-widget-spacer\" data-id=\"ed7e37c\" data-element_type=\"widget\" data-widget_type=\"spacer.default\">\n\t\t\t\t<div class=\"elementor-widget-container\">\n\t\t\t\t\t\t\t<div class=\"elementor-spacer\">\n\t\t\t<div class=\"elementor-spacer-inner\"><\/div>\n\t\t<\/div>\n\t\t\t\t\t\t<\/div>\n\t\t\t\t<\/div>\n\t\t\t\t<div class=\"elementor-element elementor-element-b2187f2 elementor-widget elementor-widget-text-editor\" data-id=\"b2187f2\" data-element_type=\"widget\" data-widget_type=\"text-editor.default\">\n\t\t\t\t<div class=\"elementor-widget-container\">\n\t\t\t\t\t\t\t\t\t<p>On the following pages we use images or footage (where applicable) under license from <a href=\"https:\/\/www.shutterstock.com\">Shutterstock.com<\/a>:<\/p><p>Infoportal Wohnungsl\u00fcftung (https:\/\/tzwl.de\/infoportal-wohnungslueftung\/); TZWL-eBulletin (https:\/\/tzwl.de\/infoportal-wohnungslueftung\/ebulletin\/); Artist: Andrii Yalanskyi<\/p><p>Promotion of home ventilation (https:\/\/tzwl.de\/infoportal-wohnungslueftung\/foerderung-wohnungslueftung\/); Artist: wk1003mike<\/p><p>Knowledge about home ventilation (https:\/\/tzwl.de\/infoportal-wohnungslueftung\/wissen-zur-wohnungslueftung\/) and all subpages; Imprint (https:\/\/tzwl.de\/impressum\/); General terms and conditions (https:\/\/tzwl.de\/agb\/); Data protection (https:\/\/tzwl.de\/datenschutz\/); About TZWL (https:\/\/tzwl.de\/ueber-tzwl\/); Artist: ronstik<\/p><p>Ventilation concept according to DIN 1946-6 (https:\/\/tzwl.de\/infoportal-wohnungslueftung\/lueftungskonzept-nach-din-1946-6\/); Artist: Franck Boston<\/p><p>Standards &amp; Guidelines (https:\/\/tzwl.de\/tzwl-pruefstelle\/normen-richtlinien\/); Artist: TierneyMJ<\/p><p>Consulting (https:\/\/tzwl.de\/tzwl-pruefstelle\/consulting\/); Artist: tsyhun<\/p><p>Research &amp; Development (https:\/\/tzwl.de\/tzwl-pruefstelle\/forschung-entwicklung\/) and subpages; Artist: Gorodenkoff<\/p><p>News (https:\/\/tzwl.de\/ueber-tzwl\/neuigkeiten\/); Artist: Tero Vesalainen<\/p><p>News &#8211; 12th Residential Ventilation Forum; Artist: Matej Kastelic<\/p><p>Energy transition master plan (https:\/\/tzwl.de\/ueber-tzwl\/masterplan-energiewende\/); artist: saiko3p<\/p>\t\t\t\t\t\t\t\t<\/div>\n\t\t\t\t<\/div>\n\t\t\t\t\t<\/div>\n\t\t<\/div>\n\t\t\t\t\t<\/div>\n\t\t<\/section>\n\t\t\t\t<\/div>\n\t\t","protected":false},"excerpt":{"rendered":"<p>Imprint The website tzwl.de is an offer of the association European Test Center for Residential Ventilation Units (TZWL) e. V. Website and operator Websitehttps:\/\/tzwl.de OperatorEuropean Test Center for Residential Ventilation Units (TZWL) e. V. AddressAdolph-Kolping-Str. 2158239 SchwerteGermany Phone+49 (0)2304 91115 71 E-mail addressinfo@tzwl.de About the association Executive BoardDr.- Ing. Meinolf Gringel (Chairman) Prof. Dr. Udo&hellip;<\/p>\n","protected":false},"author":1,"featured_media":0,"parent":0,"menu_order":20,"comment_status":"closed","ping_status":"closed","template":"elementor_header_footer","meta":{"inline_featured_image":false,"footnotes":""},"class_list":["post-7171","page","type-page","status-publish","hentry"],"_links":{"self":[{"href":"https:\/\/tzwl.de\/en\/wp-json\/wp\/v2\/pages\/7171","targetHints":{"allow":["GET"]}}],"collection":[{"href":"https:\/\/tzwl.de\/en\/wp-json\/wp\/v2\/pages"}],"about":[{"href":"https:\/\/tzwl.de\/en\/wp-json\/wp\/v2\/types\/page"}],"author":[{"embeddable":true,"href":"https:\/\/tzwl.de\/en\/wp-json\/wp\/v2\/users\/1"}],"replies":[{"embeddable":true,"href":"https:\/\/tzwl.de\/en\/wp-json\/wp\/v2\/comments?post=7171"}],"version-history":[{"count":2,"href":"https:\/\/tzwl.de\/en\/wp-json\/wp\/v2\/pages\/7171\/revisions"}],"predecessor-version":[{"id":7173,"href":"https:\/\/tzwl.de\/en\/wp-json\/wp\/v2\/pages\/7171\/revisions\/7173"}],"wp:attachment":[{"href":"https:\/\/tzwl.de\/en\/wp-json\/wp\/v2\/media?parent=7171"}],"curies":[{"name":"wp","href":"https:\/\/api.w.org\/{rel}","templated":true}]}}